{"id":2,"date":"2025-07-09T13:19:59","date_gmt":"2025-07-09T13:19:59","guid":{"rendered":"https:\/\/real.moriczcloud.hu\/?page_id=2"},"modified":"2025-11-28T17:43:04","modified_gmt":"2025-11-28T17:43:04","slug":"sample-page","status":"publish","type":"page","link":"https:\/\/real.moriczcloud.hu\/index.php\/sample-page\/","title":{"rendered":"Tan\u00e1rok"},"content":{"rendered":"\n<div class=\"wp-block-group is-layout-grid wp-container-core-group-is-layout-478b6e6b wp-block-group-is-layout-grid\"><\/div>\n\n\n\n<div class=\"wp-block-group is-vertical is-layout-flex wp-container-core-group-is-layout-fe9cc265 wp-block-group-is-layout-flex\">\n<div class=\"wp-block-group is-nowrap is-layout-flex wp-container-core-group-is-layout-6c531013 wp-block-group-is-layout-flex\">\n<figure class=\"wp-block-image size-full is-resized is-style-rounded\"><img fetchpriority=\"high\" decoding=\"async\" width=\"400\" height=\"600\" src=\"https:\/\/real.moriczcloud.hu\/wp-content\/uploads\/2025\/07\/kisne-racz-hajnalka.jpg\" alt=\"\" class=\"wp-image-38\" style=\"width:332px;height:auto\" srcset=\"https:\/\/real.moriczcloud.hu\/wp-content\/uploads\/2025\/07\/kisne-racz-hajnalka.jpg 400w, https:\/\/real.moriczcloud.hu\/wp-content\/uploads\/2025\/07\/kisne-racz-hajnalka-200x300.jpg 200w\" sizes=\"(max-width: 400px) 100vw, 400px\" \/><\/figure>\n<\/div>\n\n\n\n<div class=\"wp-block-group is-vertical is-layout-flex wp-container-core-group-is-layout-fe9cc265 wp-block-group-is-layout-flex\">\n<h2 class=\"wp-block-heading\"><strong>Kisn\u00e9 R\u00e1cz Hajnalka<\/strong><\/h2>\n\n\n\n<p><em>Igazgat\u00f3helyettes<\/em><\/p>\n\n\n\n<p><em>matematika, fizika<\/em><\/p>\n\n\n\n<p>kisne.racz.hajnalka@moriczref.hu<\/p>\n\n\n\n<p><strong>Fogad\u00f3\u00f3ra:<\/strong> &#8211;<\/p>\n\n\n\n<div class=\"wp-block-buttons is-layout-flex wp-block-buttons-is-layout-flex\">\n<div class=\"wp-block-button\"><a class=\"wp-block-button__link wp-element-button\">Anyagok<\/a><\/div>\n<\/div>\n<\/div>\n<\/div>\n\n\n\n<div class=\"wp-block-group is-vertical is-layout-flex wp-container-core-group-is-layout-fe9cc265 wp-block-group-is-layout-flex\">\n<div class=\"wp-block-group is-nowrap is-layout-flex wp-container-core-group-is-layout-6c531013 wp-block-group-is-layout-flex\">\n<figure class=\"wp-block-image size-full is-resized is-style-rounded\"><img decoding=\"async\" width=\"400\" height=\"600\" src=\"https:\/\/real.moriczcloud.hu\/wp-content\/uploads\/2025\/07\/koncsekne-csaki-monika-1.jpg\" alt=\"\" class=\"wp-image-48\" style=\"width:338px;height:auto\" srcset=\"https:\/\/real.moriczcloud.hu\/wp-content\/uploads\/2025\/07\/koncsekne-csaki-monika-1.jpg 400w, https:\/\/real.moriczcloud.hu\/wp-content\/uploads\/2025\/07\/koncsekne-csaki-monika-1-200x300.jpg 200w\" sizes=\"(max-width: 400px) 100vw, 400px\" \/><\/figure>\n<\/div>\n\n\n\n<div class=\"wp-block-group is-vertical is-layout-flex wp-container-core-group-is-layout-fe9cc265 wp-block-group-is-layout-flex\">\n<h2 class=\"wp-block-heading\"><strong>Koncsekn\u00e9 Cs\u00e1ki M\u00f3nika<\/strong><\/h2>\n\n\n\n<p><em>matematika, fizika<\/em><\/p>\n\n\n\n<p>koncsekne.csaki.monika@moriczref.hu<\/p>\n\n\n\n<p><strong>Fogad\u00f3\u00f3ra:<\/strong> &#8211;<\/p>\n\n\n\n<div class=\"wp-block-buttons is-layout-flex wp-block-buttons-is-layout-flex\">\n<div class=\"wp-block-button\"><a class=\"wp-block-button__link wp-element-button\">Anyagok<\/a><\/div>\n<\/div>\n<\/div>\n<\/div>\n\n\n\n<div class=\"wp-block-group is-vertical is-layout-flex wp-container-core-group-is-layout-fe9cc265 wp-block-group-is-layout-flex\">\n<div class=\"wp-block-group is-nowrap is-layout-flex wp-container-core-group-is-layout-6c531013 wp-block-group-is-layout-flex\">\n<figure class=\"wp-block-image size-full is-resized is-style-rounded\"><img decoding=\"async\" width=\"400\" height=\"600\" src=\"https:\/\/real.moriczcloud.hu\/wp-content\/uploads\/2025\/07\/nagy-lajos-2.jpg\" alt=\"\" class=\"wp-image-55\" style=\"width:338px;height:auto\" srcset=\"https:\/\/real.moriczcloud.hu\/wp-content\/uploads\/2025\/07\/nagy-lajos-2.jpg 400w, https:\/\/real.moriczcloud.hu\/wp-content\/uploads\/2025\/07\/nagy-lajos-2-200x300.jpg 200w\" sizes=\"(max-width: 400px) 100vw, 400px\" \/><\/figure>\n<\/div>\n\n\n\n<div class=\"wp-block-group is-vertical is-layout-flex wp-container-core-group-is-layout-fe9cc265 wp-block-group-is-layout-flex\">\n<h2 class=\"wp-block-heading\"><strong>Nagy Lajos<\/strong><\/h2>\n\n\n\n<p><em>fizika<\/em><\/p>\n\n\n\n<p>nagy.lajos@moriczref.hu<\/p>\n\n\n\n<p><strong>Fogad\u00f3\u00f3ra:<\/strong> &#8211;<\/p>\n\n\n\n<div class=\"wp-block-buttons is-layout-flex wp-block-buttons-is-layout-flex\">\n<div class=\"wp-block-button\"><a class=\"wp-block-button__link wp-element-button\">Anyagok<\/a><\/div>\n<\/div>\n<\/div>\n<\/div>\n\n\n\n<div class=\"wp-block-group is-vertical is-layout-flex wp-container-core-group-is-layout-fe9cc265 wp-block-group-is-layout-flex\">\n<div class=\"wp-block-group is-nowrap is-layout-flex wp-container-core-group-is-layout-6c531013 wp-block-group-is-layout-flex\">\n<figure class=\"wp-block-image size-full is-resized is-style-rounded\"><img loading=\"lazy\" decoding=\"async\" width=\"400\" height=\"600\" src=\"https:\/\/real.moriczcloud.hu\/wp-content\/uploads\/2025\/07\/nagyne-szarka-ibolya-2.jpg\" alt=\"\" class=\"wp-image-52\" style=\"width:341px;height:auto\" srcset=\"https:\/\/real.moriczcloud.hu\/wp-content\/uploads\/2025\/07\/nagyne-szarka-ibolya-2.jpg 400w, https:\/\/real.moriczcloud.hu\/wp-content\/uploads\/2025\/07\/nagyne-szarka-ibolya-2-200x300.jpg 200w\" sizes=\"(max-width: 400px) 100vw, 400px\" \/><\/figure>\n<\/div>\n\n\n\n<div class=\"wp-block-group is-vertical is-layout-flex wp-container-core-group-is-layout-fe9cc265 wp-block-group-is-layout-flex\">\n<h2 class=\"wp-block-heading\"><strong>Nagyn\u00e9 Szarka Ibolya<\/strong><\/h2>\n\n\n\n<p><em>matematika<\/em><\/p>\n\n\n\n<p>nagyne.szarka.ibolya@moriczref.hu<\/p>\n\n\n\n<p><strong>Fogad\u00f3\u00f3ra:<\/strong> &#8211;<\/p>\n\n\n\n<div class=\"wp-block-buttons is-layout-flex wp-block-buttons-is-layout-flex\">\n<div class=\"wp-block-button\"><a class=\"wp-block-button__link wp-element-button\">Anyagok<\/a><\/div>\n<\/div>\n<\/div>\n<\/div>\n\n\n\n<div class=\"wp-block-group is-vertical is-layout-flex wp-container-core-group-is-layout-fe9cc265 wp-block-group-is-layout-flex\">\n<div class=\"wp-block-group is-nowrap is-layout-flex wp-container-core-group-is-layout-6c531013 wp-block-group-is-layout-flex\">\n<figure class=\"wp-block-image alignleft size-full is-resized is-style-rounded\"><img loading=\"lazy\" decoding=\"async\" width=\"400\" height=\"600\" src=\"https:\/\/real.moriczcloud.hu\/wp-content\/uploads\/2025\/07\/szabo-agnes.jpg\" alt=\"\" class=\"wp-image-17\" style=\"width:339px;height:auto\" srcset=\"https:\/\/real.moriczcloud.hu\/wp-content\/uploads\/2025\/07\/szabo-agnes.jpg 400w, https:\/\/real.moriczcloud.hu\/wp-content\/uploads\/2025\/07\/szabo-agnes-200x300.jpg 200w\" sizes=\"(max-width: 400px) 100vw, 400px\" \/><\/figure>\n<\/div>\n\n\n\n<div class=\"wp-block-group is-vertical is-layout-flex wp-container-core-group-is-layout-fe9cc265 wp-block-group-is-layout-flex\">\n<h2 class=\"wp-block-heading\"><strong>Szab\u00f3 \u00c1gnes<\/strong><\/h2>\n\n\n\n<p><em>k\u00e9mia, matematika<\/em><\/p>\n\n\n\n<p>szabo.agnes@moriczref.hu<\/p>\n\n\n\n<p><strong>Fogad\u00f3\u00f3ra:<\/strong> H\u00e9tf\u0151 14:10 &#8211; 15:10<\/p>\n\n\n\n<div class=\"wp-block-buttons is-layout-flex wp-block-buttons-is-layout-flex\">\n<div class=\"wp-block-button\"><a class=\"wp-block-button__link wp-element-button\" href=\"https:\/\/real.moriczcloud.hu\/index.php\/anyagok-szabo-agnes\/\">Anyagok<\/a><\/div>\n<\/div>\n<\/div>\n<\/div>\n\n\n\n<div class=\"wp-block-group is-vertical is-layout-flex wp-container-core-group-is-layout-fe9cc265 wp-block-group-is-layout-flex\">\n<div class=\"wp-block-group is-nowrap is-layout-flex wp-container-core-group-is-layout-6c531013 wp-block-group-is-layout-flex\">\n<figure class=\"wp-block-image alignleft size-full is-resized is-style-rounded\"><img loading=\"lazy\" decoding=\"async\" width=\"400\" height=\"600\" src=\"https:\/\/real.moriczcloud.hu\/wp-content\/uploads\/2025\/07\/szabo-tamas.jpg\" alt=\"\" class=\"wp-image-44\" style=\"width:345px;height:auto\" srcset=\"https:\/\/real.moriczcloud.hu\/wp-content\/uploads\/2025\/07\/szabo-tamas.jpg 400w, https:\/\/real.moriczcloud.hu\/wp-content\/uploads\/2025\/07\/szabo-tamas-200x300.jpg 200w\" sizes=\"(max-width: 400px) 100vw, 400px\" \/><\/figure>\n<\/div>\n\n\n\n<div class=\"wp-block-group is-vertical is-layout-flex wp-container-core-group-is-layout-fe9cc265 wp-block-group-is-layout-flex\">\n<h2 class=\"wp-block-heading\"><strong>Szab\u00f3 Tam\u00e1s<\/strong><\/h2>\n\n\n\n<p><em>Igazgat\u00f3helyettes<\/em><\/p>\n\n\n\n<p><em>biol\u00f3gia, f\u00f6ldrajz<\/em><\/p>\n\n\n\n<p>szabo.tamas@moriczref.hu<\/p>\n\n\n\n<p><strong>Fogad\u00f3\u00f3ra:<\/strong> &#8211;<\/p>\n\n\n\n<div class=\"wp-block-buttons is-layout-flex wp-block-buttons-is-layout-flex\">\n<div class=\"wp-block-button\"><a class=\"wp-block-button__link wp-element-button\" href=\"https:\/\/real.moriczcloud.hu\/index.php\/tananyagok-szabo-tamas\/\">Anyagok<\/a><\/div>\n<\/div>\n<\/div>\n<\/div>\n\n\n\n<div class=\"wp-block-group is-vertical is-layout-flex wp-container-core-group-is-layout-fe9cc265 wp-block-group-is-layout-flex\">\n<div class=\"wp-block-group is-nowrap is-layout-flex wp-container-core-group-is-layout-6c531013 wp-block-group-is-layout-flex\">\n<figure class=\"wp-block-image alignleft size-full is-resized is-style-rounded\"><img loading=\"lazy\" decoding=\"async\" width=\"400\" height=\"600\" src=\"https:\/\/real.moriczcloud.hu\/wp-content\/uploads\/2025\/07\/szilagyi-gabor-miklosne.jpg\" alt=\"\" class=\"wp-image-45\" style=\"width:341px;height:auto\" srcset=\"https:\/\/real.moriczcloud.hu\/wp-content\/uploads\/2025\/07\/szilagyi-gabor-miklosne.jpg 400w, https:\/\/real.moriczcloud.hu\/wp-content\/uploads\/2025\/07\/szilagyi-gabor-miklosne-200x300.jpg 200w\" sizes=\"(max-width: 400px) 100vw, 400px\" \/><\/figure>\n<\/div>\n\n\n\n<div class=\"wp-block-group is-vertical is-layout-flex wp-container-core-group-is-layout-fe9cc265 wp-block-group-is-layout-flex\">\n<h2 class=\"wp-block-heading\"><strong>Szil\u00e1gyi G\u00e1bor Mikl\u00f3sn\u00e9<\/strong><\/h2>\n\n\n\n<p><em>f\u00f6ldrajz<\/em><\/p>\n\n\n\n<p>szilagyi.gabor.miklosne@moriczref.hu<\/p>\n\n\n\n<p><strong>Fogad\u00f3\u00f3ra:<\/strong> &#8211;<\/p>\n\n\n\n<div class=\"wp-block-buttons is-layout-flex wp-block-buttons-is-layout-flex\">\n<div class=\"wp-block-button\"><a class=\"wp-block-button__link wp-element-button\">Anyagok<\/a><\/div>\n<\/div>\n<\/div>\n<\/div>\n\n\n\n<div class=\"wp-block-group is-vertical is-layout-flex wp-container-core-group-is-layout-fe9cc265 wp-block-group-is-layout-flex\">\n<div class=\"wp-block-group is-nowrap is-layout-flex wp-container-core-group-is-layout-6c531013 wp-block-group-is-layout-flex\">\n<figure class=\"wp-block-image alignleft size-full is-resized is-style-rounded\"><img loading=\"lazy\" decoding=\"async\" width=\"1626\" height=\"1641\" src=\"https:\/\/real.moriczcloud.hu\/wp-content\/uploads\/2025\/08\/toth-andi.jpg\" alt=\"\" class=\"wp-image-60\" style=\"width:396px;height:auto\" srcset=\"https:\/\/real.moriczcloud.hu\/wp-content\/uploads\/2025\/08\/toth-andi.jpg 1626w, https:\/\/real.moriczcloud.hu\/wp-content\/uploads\/2025\/08\/toth-andi-297x300.jpg 297w, https:\/\/real.moriczcloud.hu\/wp-content\/uploads\/2025\/08\/toth-andi-1015x1024.jpg 1015w, https:\/\/real.moriczcloud.hu\/wp-content\/uploads\/2025\/08\/toth-andi-150x150.jpg 150w, https:\/\/real.moriczcloud.hu\/wp-content\/uploads\/2025\/08\/toth-andi-768x775.jpg 768w, https:\/\/real.moriczcloud.hu\/wp-content\/uploads\/2025\/08\/toth-andi-1522x1536.jpg 1522w\" sizes=\"(max-width: 1626px) 100vw, 1626px\" \/><\/figure>\n<\/div>\n\n\n\n<div class=\"wp-block-group is-vertical is-layout-flex wp-container-core-group-is-layout-fe9cc265 wp-block-group-is-layout-flex\">\n<h2 class=\"wp-block-heading\"><strong>T\u00f3th Andrea<\/strong><\/h2>\n\n\n\n<p><em>matematika<\/em><\/p>\n\n\n\n<p>toth.andrea@moriczref.hu<\/p>\n\n\n\n<p><strong>Fogad\u00f3\u00f3ra:<\/strong> &#8211;<\/p>\n\n\n\n<div class=\"wp-block-buttons is-layout-flex wp-block-buttons-is-layout-flex\">\n<div class=\"wp-block-button\"><a class=\"wp-block-button__link wp-element-button\">Anyagok<\/a><\/div>\n<\/div>\n<\/div>\n<\/div>\n","protected":false},"excerpt":{"rendered":"<p>Kisn\u00e9 R\u00e1cz Hajnalka Igazgat\u00f3helyettes matematika, fizika kisne.racz.hajnalka@moriczref.hu Fogad\u00f3\u00f3ra: &#8211; Koncsekn\u00e9 Cs\u00e1ki M\u00f3nika matematika, fizika koncsekne.csaki.monika@moriczref.hu Fogad\u00f3\u00f3ra: &#8211; Nagy Lajos fizika nagy.lajos@moriczref.hu Fogad\u00f3\u00f3ra: &#8211; Nagyn\u00e9 Szarka Ibolya matematika nagyne.szarka.ibolya@moriczref.hu Fogad\u00f3\u00f3ra: &#8211; Szab\u00f3 \u00c1gnes k\u00e9mia, matematika szabo.agnes@moriczref.hu Fogad\u00f3\u00f3ra: H\u00e9tf\u0151 14:10 &#8211; 15:10 Szab\u00f3 Tam\u00e1s Igazgat\u00f3helyettes biol\u00f3gia, f\u00f6ldrajz szabo.tamas@moriczref.hu Fogad\u00f3\u00f3ra: &#8211; Szil\u00e1gyi G\u00e1bor Mikl\u00f3sn\u00e9 f\u00f6ldrajz szilagyi.gabor.miklosne@moriczref.hu Fogad\u00f3\u00f3ra: &#8211; [&hellip;]<\/p>\n","protected":false},"author":1,"featured_media":0,"parent":0,"menu_order":0,"comment_status":"closed","ping_status":"open","template":"","meta":{"footnotes":""},"class_list":["post-2","page","type-page","status-publish","hentry"],"_links":{"self":[{"href":"https:\/\/real.moriczcloud.hu\/index.php\/wp-json\/wp\/v2\/pages\/2","targetHints":{"allow":["GET"]}}],"collection":[{"href":"https:\/\/real.moriczcloud.hu\/index.php\/wp-json\/wp\/v2\/pages"}],"about":[{"href":"https:\/\/real.moriczcloud.hu\/index.php\/wp-json\/wp\/v2\/types\/page"}],"author":[{"embeddable":true,"href":"https:\/\/real.moriczcloud.hu\/index.php\/wp-json\/wp\/v2\/users\/1"}],"replies":[{"embeddable":true,"href":"https:\/\/real.moriczcloud.hu\/index.php\/wp-json\/wp\/v2\/comments?post=2"}],"version-history":[{"count":13,"href":"https:\/\/real.moriczcloud.hu\/index.php\/wp-json\/wp\/v2\/pages\/2\/revisions"}],"predecessor-version":[{"id":99,"href":"https:\/\/real.moriczcloud.hu\/index.php\/wp-json\/wp\/v2\/pages\/2\/revisions\/99"}],"wp:attachment":[{"href":"https:\/\/real.moriczcloud.hu\/index.php\/wp-json\/wp\/v2\/media?parent=2"}],"curies":[{"name":"wp","href":"https:\/\/api.w.org\/{rel}","templated":true}]}}