{"id":110,"date":"2025-11-28T18:05:20","date_gmt":"2025-11-28T18:05:20","guid":{"rendered":"https:\/\/real.moriczcloud.hu\/?page_id=110"},"modified":"2025-11-28T18:14:56","modified_gmt":"2025-11-28T18:14:56","slug":"hirek","status":"publish","type":"page","link":"https:\/\/real.moriczcloud.hu\/index.php\/hirek\/","title":{"rendered":"H\u00edrek"},"content":{"rendered":"\n<p><\/p>\n\n\n\n<div class=\"wp-block-group alignfull wp-block-section home-blog-section is-layout-constrained wp-container-core-group-is-layout-844c1f54 wp-block-group-is-layout-constrained\" style=\"padding-top:0;padding-bottom:var(--wp--preset--spacing--60)\">\n<div class=\"wp-block-query is-layout-flow wp-block-query-is-layout-flow\"><ul class=\"wp-block-post-template is-layout-grid wp-container-core-post-template-is-layout-d1fdf00d wp-block-post-template-is-layout-grid\"><li class=\"wp-block-post post-1 post type-post status-publish format-standard has-post-thumbnail hentry category-uncategorized\">\n\n<div class=\"wp-block-group home-blog-box has-border-color has-secondary-border-color is-layout-flow wp-block-group-is-layout-flow\" style=\"border-style:dashed;border-width:3px;padding-top:var(--wp--preset--spacing--40);padding-right:var(--wp--preset--spacing--50);padding-bottom:var(--wp--preset--spacing--40);padding-left:var(--wp--preset--spacing--50)\"><figure class=\"wp-block-post-featured-image\"><img fetchpriority=\"high\" decoding=\"async\" width=\"1600\" height=\"1200\" src=\"https:\/\/real.moriczcloud.hu\/wp-content\/uploads\/2025\/07\/01.jpg\" class=\"attachment-post-thumbnail size-post-thumbnail wp-post-image\" alt=\"\" style=\"object-fit:cover;\" srcset=\"https:\/\/real.moriczcloud.hu\/wp-content\/uploads\/2025\/07\/01.jpg 1600w, https:\/\/real.moriczcloud.hu\/wp-content\/uploads\/2025\/07\/01-300x225.jpg 300w, https:\/\/real.moriczcloud.hu\/wp-content\/uploads\/2025\/07\/01-1024x768.jpg 1024w, https:\/\/real.moriczcloud.hu\/wp-content\/uploads\/2025\/07\/01-768x576.jpg 768w, https:\/\/real.moriczcloud.hu\/wp-content\/uploads\/2025\/07\/01-1536x1152.jpg 1536w\" sizes=\"(max-width: 1600px) 100vw, 1600px\" \/><\/figure>\n\n<h4 style=\"font-size:20px;font-style:normal;font-weight:700; margin-top:0;margin-bottom:var(--wp--preset--spacing--30);\" class=\"has-text-align-center wp-block-post-title\">Tanulm\u00e1nyi kir\u00e1ndul\u00e1s B\u00e9csben, a Term\u00e9szettudom\u00e1nyi M\u00fazeumban<\/h4>\n\n<div style=\"font-size:14px;text-transform:capitalize; margin-top:0;margin-bottom:var(--wp--preset--spacing--30);\" class=\"has-text-align-center has-link-color wp-elements-fa395b897d09bb78cea5f675c087bce9 wp-block-post-date has-text-color has-body-text-color\"><time datetime=\"2025-11-28T13:19:59+00:00\">november 28, 2025<\/time><\/div>\n\n<div style=\"font-size:14px; margin-top:0;margin-bottom:var(--wp--preset--spacing--20);\" class=\"has-text-align-center has-link-color wp-elements-d17e9ced732aad948314cdbc4d674392 wp-block-post-excerpt has-text-color has-body-text-color\"><p class=\"wp-block-post-excerpt__excerpt\">N\u00e9pes tanul\u00f3i csoporttal rendhagy\u00f3 tanulm\u00e1nyi kir\u00e1ndul\u00e1son j\u00e1rtak a M\u00f3ricz Zsigmond Reform\u00e1tus Koll\u00e9gium tanul\u00f3i B\u00e9csben, a Term\u00e9szettudom\u00e1nyi M\u00fazeumban.&nbsp;A tanulm\u00e1nyi kir\u00e1ndul\u00e1sra a Nemzeti Tehets\u00e9g Program Tehets\u00e9gbar\u00e1t \u00d6nkorm\u00e1nyzat&hellip; <\/p><\/div>\n\n<a style=\"font-size:15px;font-style:normal;font-weight:700; border-color:#3d4058;border-radius:13px;border-width:1px; padding-top:var(--wp--preset--spacing--30);padding-bottom:var(--wp--preset--spacing--30);padding-left:var(--wp--preset--spacing--40);padding-right:var(--wp--preset--spacing--40);margin-top:var(--wp--preset--spacing--50);margin-bottom:0;\" class=\"wp-elements-d3885ceda0383001032136932e433194 wp-block-read-more has-text-color has-secondary-color has-border-color\" href=\"https:\/\/real.moriczcloud.hu\/index.php\/2025\/11\/28\/hello-world\/\" target=\"_self\">Tov\u00e1bb<span class=\"screen-reader-text\">: Tanulm\u00e1nyi kir\u00e1ndul\u00e1s B\u00e9csben, a Term\u00e9szettudom\u00e1nyi M\u00fazeumban<\/span><\/a><\/div>\n\n<\/li><\/ul><\/div>\n\n\n\n<div style=\"height:41px\" aria-hidden=\"true\" class=\"wp-block-spacer\"><\/div>\n<\/div>\n\n\n\n<p><\/p>\n","protected":false},"excerpt":{"rendered":"","protected":false},"author":1,"featured_media":0,"parent":0,"menu_order":0,"comment_status":"closed","ping_status":"closed","template":"","meta":{"footnotes":""},"class_list":["post-110","page","type-page","status-publish","hentry"],"_links":{"self":[{"href":"https:\/\/real.moriczcloud.hu\/index.php\/wp-json\/wp\/v2\/pages\/110","targetHints":{"allow":["GET"]}}],"collection":[{"href":"https:\/\/real.moriczcloud.hu\/index.php\/wp-json\/wp\/v2\/pages"}],"about":[{"href":"https:\/\/real.moriczcloud.hu\/index.php\/wp-json\/wp\/v2\/types\/page"}],"author":[{"embeddable":true,"href":"https:\/\/real.moriczcloud.hu\/index.php\/wp-json\/wp\/v2\/users\/1"}],"replies":[{"embeddable":true,"href":"https:\/\/real.moriczcloud.hu\/index.php\/wp-json\/wp\/v2\/comments?post=110"}],"version-history":[{"count":5,"href":"https:\/\/real.moriczcloud.hu\/index.php\/wp-json\/wp\/v2\/pages\/110\/revisions"}],"predecessor-version":[{"id":119,"href":"https:\/\/real.moriczcloud.hu\/index.php\/wp-json\/wp\/v2\/pages\/110\/revisions\/119"}],"wp:attachment":[{"href":"https:\/\/real.moriczcloud.hu\/index.php\/wp-json\/wp\/v2\/media?parent=110"}],"curies":[{"name":"wp","href":"https:\/\/api.w.org\/{rel}","templated":true}]}}